{"id":7609,"date":"2023-11-01T14:45:55","date_gmt":"2023-11-01T13:45:55","guid":{"rendered":"https:\/\/new.thosstec.ch\/?page_id=7609"},"modified":"2025-07-16T16:07:15","modified_gmt":"2025-07-16T14:07:15","slug":"dsg-2","status":"publish","type":"page","link":"https:\/\/new.thosstec.ch\/index.php\/dsg-2\/","title":{"rendered":"DSG"},"content":{"rendered":"\n<hr class=\"wp-block-separator has-alpha-channel-opacity is-style-wide\" id=\"block-28620442-f92f-4c49-89dc-322a8488a9c2\"\/>\n\n\n\n<h1 class=\"wp-block-heading\" id=\"block-d5c42a8b-d9df-46f5-a405-a1a0652db23f\">Datenschutzerkl\u00e4rung<\/h1>\n\n\n\n<hr class=\"wp-block-separator has-alpha-channel-opacity is-style-default\"\/>\n\n\n\n<h2 class=\"wp-block-heading has-small-font-size\"><strong>I. Name und Anschrift des Verantwortlichen und des Datenschutzbeauftragten<\/strong><\/h2>\n\n\n\n<p class=\"has-small-font-size\" id=\"block-c315d8a7-3ad0-41f7-adf4-189aecdfa532\">Der Verantwortliche im Sinne des Bundesgesetzes \u00fcber den Datenschutz vom<br>25. September 2020 (SR 235.1; DSG) ist:<\/p>\n\n\n\n<p class=\"has-text-align-left has-small-font-size\" id=\"block-c315d8a7-3ad0-41f7-adf4-189aecdfa532\">THOSSTEC GmbH<br>K\u00e4genstrasse 23<br>CH-4153 Reinach BL<\/p>\n\n\n\n<p class=\"has-small-font-size\" id=\"block-e9b7108f-18d3-426d-978d-9ecd35be15cd\">Die Kontaktdaten des Datenschutzbeauftragten lauten wie folgt:<br>info@thosstec.ch<\/p>\n\n\n\n<hr class=\"wp-block-separator has-alpha-channel-opacity is-style-default\"\/>\n\n\n\n<h2 class=\"wp-block-heading has-small-font-size\"><strong>II. Allgemeines zur Datenverarbeitung<\/strong><\/h2>\n\n\n\n<h2 class=\"wp-block-heading has-small-font-size\" id=\"block-dfcb8dd1-d5f2-4d4c-8492-c4fa36fea394\">1. Umfang und Zweck der Bearbeitung von Personendaten<\/h2>\n\n\n\n<p class=\"has-small-font-size\" id=\"block-dfcb8dd1-d5f2-4d4c-8492-c4fa36fea394\">Die Bearbeitung von Personendaten der Nutzer unserer Homepage beschr\u00e4nkt sich auf jene Daten, die zur Bereitstellung einer funktionsf\u00e4higen Internetseite sowie unserer Inhalte und Leistungen erforderlich sind. <\/p>\n\n\n\n<p class=\"has-small-font-size\">Die Bearbeitung personenbezogener Daten unserer Nutzer erfolgt nur zu den vorliegend angesprochenen oder mit Ihnen vereinbarten Zwecken oder wenn eine sonstige rechtliche Grundlage daf\u00fcr vorliegt.<\/p>\n\n\n\n<p class=\"has-small-font-size\">Es werden nur Personendaten erhoben, die f\u00fcr die Durchf\u00fchrung und Abwicklung unserer Aufgaben und Leistungen tats\u00e4chlich erforderlich sind oder die Sie uns freiwillig zur Verf\u00fcgung gestellt haben.<\/p>\n\n\n\n<h2 class=\"wp-block-heading has-small-font-size\">2. Rechtsanspr\u00fcche<\/h2>\n\n\n\n<p class=\"has-small-font-size\">Sie haben das Recht, Auskunft \u00fcber Ihre von uns verarbeiteten personenbezogenen Daten zu verlangen. Insbesondere k\u00f6nnen Sie; gem\u00e4ss Art. 25 DSG; Auskunft \u00fcber die Personendaten als solche, den Bearbeitungszweck, die Aufbewahrungsdauer,<br>die verf\u00fcgbaren Angaben \u00fcber die Herkunft der Personendaten, soweit sie nicht bei der betroffenen Person beschafft wurden, verlangen.  Ausserdem haben Sie, gem\u00e4ss Datenschutzgesetz, verschiedene Anspr\u00fcche, wie etwa das Recht auf Berichtigung und Unterbindung oder L\u00f6schung einer Datenbearbeitung (vgl. Art. 32 DSG) .<\/p>\n\n\n\n<p class=\"has-small-font-size\" id=\"block-a1571c1d-7102-4b4e-96ea-42c185ab2a9b\">Sie haben auch das Recht, eine uns allenfalls erteilte Einwilligung zur Bearbeitung Ihrer Personendaten jederzeit zu widerrufen.<\/p>\n\n\n\n<p class=\"has-small-font-size\" id=\"block-34f515c3-0fb5-4570-b229-3ec372b52c07\">Sofern Sie der Auffassung sind, dass die Bearbeitung Ihrer Personendaten durch uns im Widerspruch zu den geltenden Datenschutzbestimmungen steht, haben Sie<br>jederzeit die M\u00f6glichkeit, sich beim verantwortlichen  Datenschutzbeauftragten zu melden.<\/p>\n\n\n\n<hr class=\"wp-block-separator has-alpha-channel-opacity\"\/>\n\n\n\n<h2 class=\"wp-block-heading has-small-font-size\"><strong>III. Beschreibung und Umfang der Datenverarbeitung<\/strong><\/h2>\n\n\n\n<h2 class=\"wp-block-heading has-small-font-size\">1. Bereitstellung der Webseite<\/h2>\n\n\n\n<p class=\"has-small-font-size\">Bei jedem Aufruf unserer Internetseite erfasst unser System automatisiert Daten und Informationen vom Computersystem des aufrufenden Rechners.<\/p>\n\n\n\n<p class=\"has-small-font-size\" id=\"block-99768150-1551-45b2-bfe3-1a205f580e08\">Folgende allenfalls  pers\u00f6nlichkeitsrelevante Daten werden hierbei erhoben:<\/p>\n\n\n\n<ul id=\"block-f824cc02-f405-48f9-ba16-7ef062b1618c\" class=\"wp-block-list has-small-font-size\">\n<li>Informationen \u00fcber den Browsertyp und die verwendete Version<\/li>\n\n\n\n<li>Das Betriebssystem des Nutzers<\/li>\n\n\n\n<li>Den Internet-Service-Provider des Nutzers<\/li>\n\n\n\n<li>Die IP-Adresse des Nutzers<\/li>\n\n\n\n<li>Datum und Uhrzeit des Zugriffs<\/li>\n\n\n\n<li>Internetseiten, von denen das System des Nutzers auf unsere Internetseite<br>gelangt<\/li>\n<\/ul>\n\n\n\n<p class=\"has-small-font-size\" id=\"block-02f17191-adde-436b-b319-d1ea8b1233b2\">Die Speicherung erfolgt aus Gr\u00fcnden der Datensicherheit, um die Stabilit\u00e4t und die Betriebssicherheit unseres Systems zu gew\u00e4hrleisten.<br>Wir analysieren die Nutzung unseres Internetauftritts mit dem Webanalyse-Tool des ICS Content-Management-Systems. Dies dient ausschliesslich zur Optimierung der Webseite in Bezug auf Benutzerfreundlichkeit und Bereitstellung von n\u00fctz-<br>lichen Informationen \u00fcber unsere Leistungen auf der Webseite .<br>Eine Zusammenf\u00fchrung dieser Daten mit anderen personenbezogenen Daten-<br>quellen oder Weitergabe an Dritte erfolgt nicht.<br>Es findet keine personenbezogene Auswertung statt. Die Analysen basieren auf<br>anonymisierten Datens\u00e4tzen.<\/p>\n\n\n\n<h2 class=\"wp-block-heading has-small-font-size\">2. Weitere Web-Dienste<\/h2>\n\n\n\n<p class=\"has-small-font-size\" id=\"block-19f4221c-92a6-4a29-9d52-d48c805e9337\">F\u00fcr den Einsatz weiterer Web-Dienste, wie z.B. sozialen Medien (Facebook) gelten zus\u00e4tzlich zum Datenschutzgesetz (SR 235.1 DSG), welches als vorrangig zu behandeln ist, noch deren Datenschutzerkl\u00e4rungen, die jeweils auf den Webseiten der<br>Anbieter abrufbar sind.<\/p>\n\n\n\n<h2 class=\"wp-block-heading has-small-font-size\">3. Kontaktformular<\/h2>\n\n\n\n<p class=\"has-small-font-size\" id=\"block-70388cde-63e1-4353-9158-bff65052e7a9\">F\u00fcllen Sie ein Kontaktformular aus oder senden Sie uns eine Mail oder eine sonstige elektronische Nachricht; (insbesondere bei Interesse an unseren Dienstleistungen oder Produkten); werden Ihre Angaben nur f\u00fcr die Bearbeitung der Anfrage sowie m\u00f6gliche damit zusammenh\u00e4ngende weitere Fragen gespeichert und nur im Rahmen der Anfrage verwendet.<\/p>\n\n\n\n<p class=\"has-small-font-size\" id=\"block-347115d6-bd2e-40e3-9ce2-8b64ecca91a1\">Rechtsgrundlage f\u00fcr die Bearbeitung Ihrer Anfrage ist hierbei:<br>Art. 31 Abs. 2 lit. a DSG.<\/p>\n\n\n\n<h2 class=\"wp-block-heading has-small-font-size\">4. Dateidownloads (z. B. Software)<\/h2>\n\n\n\n<p class=\"has-small-font-size\" id=\"block-559dbc0a-4802-4a8a-87ad-136e7f3eb974\">Wir verlangen von Ihnen keine pers\u00f6nlichen Angaben, damit Sie Dateien von unserer Internetseite herunterladen k\u00f6nnen.<\/p>\n\n\n\n<hr class=\"wp-block-separator has-alpha-channel-opacity\"\/>\n\n\n\n<h2 class=\"wp-block-heading has-small-font-size\"><strong>IV. Datensicherheit<\/strong><\/h2>\n\n\n\n<p class=\"has-small-font-size\" id=\"block-88f1e881-c42b-4fad-bac2-1b28300e53f1\">Wir verwenden innerhalb des Webseite-Besuchs das verbreitete SSL-Verfahren, das von Ihrem Browser unterst\u00fctzt wird. Ob eine einzelne Seite unseres Internetauftrittes verschl\u00fcsselt \u00fcbertragen wird, erkennen Sie an der geschlossenen Darstellung des Schl\u00fcssel- beziehungsweise Schloss-Symbols in der Adressleiste Ihres Browsers.<\/p>\n\n\n\n<p class=\"has-small-font-size\" id=\"block-d8398e97-93da-45c2-bc9b-b5eaee415a09\">Dar\u00fcber hinaus wenden wir weitere geeignete technische und organisatorische<br>Sicherheitsmassnahmen an, um Ihre Daten gegen zuf\u00e4llige oder vors\u00e4tzliche Manipulationen, teilweisen oder vollst\u00e4ndigen Verlust, Zerst\u00f6rung oder gegen den unbefugten Zugriff Dritter zu sch\u00fctzen. Unsere Sicherheitsmassnahmen werden entsprechend der technologischen Entwicktung fortlaufend verbessert.<\/p>\n\n\n\n<hr class=\"wp-block-separator has-alpha-channel-opacity\" id=\"block-87f1d84b-c1ee-44f5-8b80-d17d65d161c0\"\/>\n\n\n\n<p><\/p>\n\n\n\n<hr class=\"wp-block-separator has-alpha-channel-opacity is-style-wide\"\/>\n","protected":false},"excerpt":{"rendered":"<p>Datenschutzerkl\u00e4rung I. Name und Anschrift des Verantwortlichen und des Datenschutzbeauftragten Der Verantwortliche im Sinne des Bundesgesetzes \u00fcber den Datenschutz vom25. September 2020 (SR 235.1; DSG) ist: THOSSTEC GmbHK\u00e4genstrasse 23CH-4153 Reinach BL Die Kontaktdaten des Datenschutzbeauftragten lauten wie folgt:info@thosstec.ch II. Allgemeines zur Datenverarbeitung 1. Umfang und Zweck der Bearbeitung von Personendaten Die Bearbeitung von Personendaten der &hellip; <a href=\"https:\/\/new.thosstec.ch\/index.php\/dsg-2\/\" class=\"more-link\"><span class=\"screen-reader-text\">DSG<\/span> weiterlesen <span class=\"meta-nav\">&rarr;<\/span><\/a><\/p>\n","protected":false},"author":2,"featured_media":0,"parent":0,"menu_order":7,"comment_status":"closed","ping_status":"closed","template":"","meta":{"footnotes":""},"class_list":["post-7609","page","type-page","status-publish","hentry"],"yoast_head":"<!-- This site is optimized with the Yoast SEO plugin v27.6 - https:\/\/yoast.com\/product\/yoast-seo-wordpress\/ -->\n<title>DSG - THOSSTEC<\/title>\n<meta name=\"robots\" content=\"index, follow, max-snippet:-1, max-image-preview:large, max-video-preview:-1\" \/>\n<link rel=\"canonical\" href=\"https:\/\/new.thosstec.ch\/index.php\/dsg-2\/\" \/>\n<meta property=\"og:locale\" content=\"de_DE\" \/>\n<meta property=\"og:type\" content=\"article\" \/>\n<meta property=\"og:title\" content=\"DSG - THOSSTEC\" \/>\n<meta property=\"og:description\" content=\"Datenschutzerkl\u00e4rung I. Name und Anschrift des Verantwortlichen und des Datenschutzbeauftragten Der Verantwortliche im Sinne des Bundesgesetzes \u00fcber den Datenschutz vom25. September 2020 (SR 235.1; DSG) ist: THOSSTEC GmbHK\u00e4genstrasse 23CH-4153 Reinach BL Die Kontaktdaten des Datenschutzbeauftragten lauten wie folgt:info@thosstec.ch II. Allgemeines zur Datenverarbeitung 1. Umfang und Zweck der Bearbeitung von Personendaten Die Bearbeitung von Personendaten der &hellip; DSG weiterlesen &rarr;\" \/>\n<meta property=\"og:url\" content=\"https:\/\/new.thosstec.ch\/index.php\/dsg-2\/\" \/>\n<meta property=\"og:site_name\" content=\"THOSSTEC\" \/>\n<meta property=\"article:modified_time\" content=\"2025-07-16T14:07:15+00:00\" \/>\n<meta name=\"twitter:card\" content=\"summary_large_image\" \/>\n<meta name=\"twitter:label1\" content=\"Gesch\u00e4tzte Lesezeit\" \/>\n\t<meta name=\"twitter:data1\" content=\"4\u00a0Minuten\" \/>\n<script type=\"application\/ld+json\" class=\"yoast-schema-graph\">{\"@context\":\"https:\\\/\\\/schema.org\",\"@graph\":[{\"@type\":\"WebPage\",\"@id\":\"https:\\\/\\\/new.thosstec.ch\\\/index.php\\\/dsg-2\\\/\",\"url\":\"https:\\\/\\\/new.thosstec.ch\\\/index.php\\\/dsg-2\\\/\",\"name\":\"DSG - THOSSTEC\",\"isPartOf\":{\"@id\":\"https:\\\/\\\/new.thosstec.ch\\\/#website\"},\"datePublished\":\"2023-11-01T13:45:55+00:00\",\"dateModified\":\"2025-07-16T14:07:15+00:00\",\"breadcrumb\":{\"@id\":\"https:\\\/\\\/new.thosstec.ch\\\/index.php\\\/dsg-2\\\/#breadcrumb\"},\"inLanguage\":\"de-CH\",\"potentialAction\":[{\"@type\":\"ReadAction\",\"target\":[\"https:\\\/\\\/new.thosstec.ch\\\/index.php\\\/dsg-2\\\/\"]}]},{\"@type\":\"BreadcrumbList\",\"@id\":\"https:\\\/\\\/new.thosstec.ch\\\/index.php\\\/dsg-2\\\/#breadcrumb\",\"itemListElement\":[{\"@type\":\"ListItem\",\"position\":1,\"name\":\"Startseite\",\"item\":\"https:\\\/\\\/new.thosstec.ch\\\/\"},{\"@type\":\"ListItem\",\"position\":2,\"name\":\"DSG\"}]},{\"@type\":\"WebSite\",\"@id\":\"https:\\\/\\\/new.thosstec.ch\\\/#website\",\"url\":\"https:\\\/\\\/new.thosstec.ch\\\/\",\"name\":\"THOSSTEC\",\"description\":\"ATEX, Ex Zone 2\\\/22, Schaltschrank-\\\/Steuerungsbau Elektrisch und Pneumatisch, nicht Ex sowie f\u00fcr Ex Zone 2\\\/22, Servicearbeiten, Ihr zuverl\u00e4ssiger Partner in Reinach BL, Schweiz\",\"publisher\":{\"@id\":\"https:\\\/\\\/new.thosstec.ch\\\/#organization\"},\"potentialAction\":[{\"@type\":\"SearchAction\",\"target\":{\"@type\":\"EntryPoint\",\"urlTemplate\":\"https:\\\/\\\/new.thosstec.ch\\\/?s={search_term_string}\"},\"query-input\":{\"@type\":\"PropertyValueSpecification\",\"valueRequired\":true,\"valueName\":\"search_term_string\"}}],\"inLanguage\":\"de-CH\"},{\"@type\":\"Organization\",\"@id\":\"https:\\\/\\\/new.thosstec.ch\\\/#organization\",\"name\":\"THOSSTEC GmbH\",\"url\":\"https:\\\/\\\/new.thosstec.ch\\\/\",\"logo\":{\"@type\":\"ImageObject\",\"inLanguage\":\"de-CH\",\"@id\":\"https:\\\/\\\/new.thosstec.ch\\\/#\\\/schema\\\/logo\\\/image\\\/\",\"url\":\"https:\\\/\\\/new.thosstec.ch\\\/wp-content\\\/uploads\\\/2020\\\/05\\\/20503_Thosstec_logo_V5_bearbeitet-2.jpg\",\"contentUrl\":\"https:\\\/\\\/new.thosstec.ch\\\/wp-content\\\/uploads\\\/2020\\\/05\\\/20503_Thosstec_logo_V5_bearbeitet-2.jpg\",\"width\":1260,\"height\":240,\"caption\":\"THOSSTEC GmbH\"},\"image\":{\"@id\":\"https:\\\/\\\/new.thosstec.ch\\\/#\\\/schema\\\/logo\\\/image\\\/\"}}]}<\/script>\n<!-- \/ Yoast SEO plugin. -->","yoast_head_json":{"title":"DSG - THOSSTEC","robots":{"index":"index","follow":"follow","max-snippet":"max-snippet:-1","max-image-preview":"max-image-preview:large","max-video-preview":"max-video-preview:-1"},"canonical":"https:\/\/new.thosstec.ch\/index.php\/dsg-2\/","og_locale":"de_DE","og_type":"article","og_title":"DSG - THOSSTEC","og_description":"Datenschutzerkl\u00e4rung I. Name und Anschrift des Verantwortlichen und des Datenschutzbeauftragten Der Verantwortliche im Sinne des Bundesgesetzes \u00fcber den Datenschutz vom25. September 2020 (SR 235.1; DSG) ist: THOSSTEC GmbHK\u00e4genstrasse 23CH-4153 Reinach BL Die Kontaktdaten des Datenschutzbeauftragten lauten wie folgt:info@thosstec.ch II. Allgemeines zur Datenverarbeitung 1. Umfang und Zweck der Bearbeitung von Personendaten Die Bearbeitung von Personendaten der &hellip; DSG weiterlesen &rarr;","og_url":"https:\/\/new.thosstec.ch\/index.php\/dsg-2\/","og_site_name":"THOSSTEC","article_modified_time":"2025-07-16T14:07:15+00:00","twitter_card":"summary_large_image","twitter_misc":{"Gesch\u00e4tzte Lesezeit":"4\u00a0Minuten"},"schema":{"@context":"https:\/\/schema.org","@graph":[{"@type":"WebPage","@id":"https:\/\/new.thosstec.ch\/index.php\/dsg-2\/","url":"https:\/\/new.thosstec.ch\/index.php\/dsg-2\/","name":"DSG - THOSSTEC","isPartOf":{"@id":"https:\/\/new.thosstec.ch\/#website"},"datePublished":"2023-11-01T13:45:55+00:00","dateModified":"2025-07-16T14:07:15+00:00","breadcrumb":{"@id":"https:\/\/new.thosstec.ch\/index.php\/dsg-2\/#breadcrumb"},"inLanguage":"de-CH","potentialAction":[{"@type":"ReadAction","target":["https:\/\/new.thosstec.ch\/index.php\/dsg-2\/"]}]},{"@type":"BreadcrumbList","@id":"https:\/\/new.thosstec.ch\/index.php\/dsg-2\/#breadcrumb","itemListElement":[{"@type":"ListItem","position":1,"name":"Startseite","item":"https:\/\/new.thosstec.ch\/"},{"@type":"ListItem","position":2,"name":"DSG"}]},{"@type":"WebSite","@id":"https:\/\/new.thosstec.ch\/#website","url":"https:\/\/new.thosstec.ch\/","name":"THOSSTEC","description":"ATEX, Ex Zone 2\/22, Schaltschrank-\/Steuerungsbau Elektrisch und Pneumatisch, nicht Ex sowie f\u00fcr Ex Zone 2\/22, Servicearbeiten, Ihr zuverl\u00e4ssiger Partner in Reinach BL, Schweiz","publisher":{"@id":"https:\/\/new.thosstec.ch\/#organization"},"potentialAction":[{"@type":"SearchAction","target":{"@type":"EntryPoint","urlTemplate":"https:\/\/new.thosstec.ch\/?s={search_term_string}"},"query-input":{"@type":"PropertyValueSpecification","valueRequired":true,"valueName":"search_term_string"}}],"inLanguage":"de-CH"},{"@type":"Organization","@id":"https:\/\/new.thosstec.ch\/#organization","name":"THOSSTEC GmbH","url":"https:\/\/new.thosstec.ch\/","logo":{"@type":"ImageObject","inLanguage":"de-CH","@id":"https:\/\/new.thosstec.ch\/#\/schema\/logo\/image\/","url":"https:\/\/new.thosstec.ch\/wp-content\/uploads\/2020\/05\/20503_Thosstec_logo_V5_bearbeitet-2.jpg","contentUrl":"https:\/\/new.thosstec.ch\/wp-content\/uploads\/2020\/05\/20503_Thosstec_logo_V5_bearbeitet-2.jpg","width":1260,"height":240,"caption":"THOSSTEC GmbH"},"image":{"@id":"https:\/\/new.thosstec.ch\/#\/schema\/logo\/image\/"}}]}},"_links":{"self":[{"href":"https:\/\/new.thosstec.ch\/index.php\/wp-json\/wp\/v2\/pages\/7609","targetHints":{"allow":["GET"]}}],"collection":[{"href":"https:\/\/new.thosstec.ch\/index.php\/wp-json\/wp\/v2\/pages"}],"about":[{"href":"https:\/\/new.thosstec.ch\/index.php\/wp-json\/wp\/v2\/types\/page"}],"author":[{"embeddable":true,"href":"https:\/\/new.thosstec.ch\/index.php\/wp-json\/wp\/v2\/users\/2"}],"replies":[{"embeddable":true,"href":"https:\/\/new.thosstec.ch\/index.php\/wp-json\/wp\/v2\/comments?post=7609"}],"version-history":[{"count":45,"href":"https:\/\/new.thosstec.ch\/index.php\/wp-json\/wp\/v2\/pages\/7609\/revisions"}],"predecessor-version":[{"id":7716,"href":"https:\/\/new.thosstec.ch\/index.php\/wp-json\/wp\/v2\/pages\/7609\/revisions\/7716"}],"wp:attachment":[{"href":"https:\/\/new.thosstec.ch\/index.php\/wp-json\/wp\/v2\/media?parent=7609"}],"curies":[{"name":"wp","href":"https:\/\/api.w.org\/{rel}","templated":true}]}}