{"id":63,"date":"2018-12-20T14:13:39","date_gmt":"2018-12-20T14:13:39","guid":{"rendered":"https:\/\/new.thosstec.ch\/?page_id=63"},"modified":"2026-01-05T10:03:11","modified_gmt":"2026-01-05T09:03:11","slug":"ueber-uns","status":"publish","type":"page","link":"https:\/\/new.thosstec.ch\/","title":{"rendered":"\u00dcBER UNS"},"content":{"rendered":"\n<hr class=\"wp-block-separator has-css-opacity is-style-wide\"\/>\n\n\n\n<h2 class=\"wp-block-heading\" style=\"font-size:14px\">Dank Ihnen sind wir seit 1994 erfolgreich unterwegs.<\/h2>\n\n\n\n<p>Unsere unkonventionellen Ideen und Spezialit\u00e4ten <br> mit  <strong>&#171;SWISS MADE&#187;<\/strong> Pr\u00e4zision und Zuverl\u00e4ssigkeit <br> bieten wir Ihnen seit mehr als 25 Jahren! <\/p>\n\n\n\n<p>Z\u00f6gern Sie nicht uns zu kontaktieren!    <a href=\"https:\/\/new.thosstec.ch\/index.php\/kontakt\/\">Kontakt<\/a><\/p>\n\n\n\n<p>Gemeinsam finden wir konstruktive L\u00f6sungen!<\/p>\n\n\n\n<hr class=\"wp-block-separator has-css-opacity\"\/>\n\n\n\n<h2 class=\"wp-block-heading\" style=\"font-size:14px\">Zu unseren langj\u00e4hrig-\/treuen Kunden und Partner z\u00e4hlen:<\/h2>\n\n\n\n<ul class=\"wp-block-list\">\n<li>Chemie<\/li>\n\n\n\n<li>Pharma<\/li>\n\n\n\n<li>Maschinenbau<\/li>\n\n\n\n<li>Industrie<\/li>\n\n\n\n<li>Ingenieurb\u00fcro<\/li>\n<\/ul>\n\n\n\n<hr class=\"wp-block-separator has-css-opacity\"\/>\n","protected":false},"excerpt":{"rendered":"<p>Dank Ihnen sind wir seit 1994 erfolgreich unterwegs. Unsere unkonventionellen Ideen und Spezialit\u00e4ten mit &#171;SWISS MADE&#187; Pr\u00e4zision und Zuverl\u00e4ssigkeit bieten wir Ihnen seit mehr als 25 Jahren! Z\u00f6gern Sie nicht uns zu kontaktieren! Kontakt Gemeinsam finden wir konstruktive L\u00f6sungen! Zu unseren langj\u00e4hrig-\/treuen Kunden und Partner z\u00e4hlen:<\/p>\n","protected":false},"author":1,"featured_media":0,"parent":0,"menu_order":1,"comment_status":"closed","ping_status":"closed","template":"","meta":{"footnotes":""},"class_list":["post-63","page","type-page","status-publish","hentry"],"yoast_head":"<!-- This site is optimized with the Yoast SEO plugin v27.6 - https:\/\/yoast.com\/product\/yoast-seo-wordpress\/ -->\n<title>\u00dcBER UNS - THOSSTEC<\/title>\n<meta name=\"robots\" content=\"index, follow, max-snippet:-1, max-image-preview:large, max-video-preview:-1\" \/>\n<link rel=\"canonical\" href=\"https:\/\/new.thosstec.ch\/\" \/>\n<meta property=\"og:locale\" content=\"de_DE\" \/>\n<meta property=\"og:type\" content=\"article\" \/>\n<meta property=\"og:title\" content=\"\u00dcBER UNS - THOSSTEC\" \/>\n<meta property=\"og:description\" content=\"Dank Ihnen sind wir seit 1994 erfolgreich unterwegs. Unsere unkonventionellen Ideen und Spezialit\u00e4ten mit &#171;SWISS MADE&#187; Pr\u00e4zision und Zuverl\u00e4ssigkeit bieten wir Ihnen seit mehr als 25 Jahren! Z\u00f6gern Sie nicht uns zu kontaktieren! Kontakt Gemeinsam finden wir konstruktive L\u00f6sungen! Zu unseren langj\u00e4hrig-\/treuen Kunden und Partner z\u00e4hlen:\" \/>\n<meta property=\"og:url\" content=\"https:\/\/new.thosstec.ch\/\" \/>\n<meta property=\"og:site_name\" content=\"THOSSTEC\" \/>\n<meta property=\"article:modified_time\" content=\"2026-01-05T09:03:11+00:00\" \/>\n<meta name=\"twitter:card\" content=\"summary_large_image\" \/>\n<meta name=\"twitter:label1\" content=\"Gesch\u00e4tzte Lesezeit\" \/>\n\t<meta name=\"twitter:data1\" content=\"1\u00a0Minute\" \/>\n<script type=\"application\/ld+json\" class=\"yoast-schema-graph\">{\"@context\":\"https:\\\/\\\/schema.org\",\"@graph\":[{\"@type\":\"WebPage\",\"@id\":\"https:\\\/\\\/new.thosstec.ch\\\/\",\"url\":\"https:\\\/\\\/new.thosstec.ch\\\/\",\"name\":\"\u00dcBER UNS - THOSSTEC\",\"isPartOf\":{\"@id\":\"https:\\\/\\\/new.thosstec.ch\\\/#website\"},\"datePublished\":\"2018-12-20T14:13:39+00:00\",\"dateModified\":\"2026-01-05T09:03:11+00:00\",\"breadcrumb\":{\"@id\":\"https:\\\/\\\/new.thosstec.ch\\\/#breadcrumb\"},\"inLanguage\":\"de-CH\",\"potentialAction\":[{\"@type\":\"ReadAction\",\"target\":[\"https:\\\/\\\/new.thosstec.ch\\\/\"]}]},{\"@type\":\"BreadcrumbList\",\"@id\":\"https:\\\/\\\/new.thosstec.ch\\\/#breadcrumb\",\"itemListElement\":[{\"@type\":\"ListItem\",\"position\":1,\"name\":\"Startseite\",\"item\":\"https:\\\/\\\/new.thosstec.ch\\\/\"},{\"@type\":\"ListItem\",\"position\":2,\"name\":\"\u00dcBER UNS\"}]},{\"@type\":\"WebSite\",\"@id\":\"https:\\\/\\\/new.thosstec.ch\\\/#website\",\"url\":\"https:\\\/\\\/new.thosstec.ch\\\/\",\"name\":\"THOSSTEC\",\"description\":\"ATEX, Ex Zone 2\\\/22, Schaltschrank-\\\/Steuerungsbau Elektrisch und Pneumatisch, nicht Ex sowie f\u00fcr Ex Zone 2\\\/22, Servicearbeiten, Ihr zuverl\u00e4ssiger Partner in Reinach BL, Schweiz\",\"publisher\":{\"@id\":\"https:\\\/\\\/new.thosstec.ch\\\/#organization\"},\"potentialAction\":[{\"@type\":\"SearchAction\",\"target\":{\"@type\":\"EntryPoint\",\"urlTemplate\":\"https:\\\/\\\/new.thosstec.ch\\\/?s={search_term_string}\"},\"query-input\":{\"@type\":\"PropertyValueSpecification\",\"valueRequired\":true,\"valueName\":\"search_term_string\"}}],\"inLanguage\":\"de-CH\"},{\"@type\":\"Organization\",\"@id\":\"https:\\\/\\\/new.thosstec.ch\\\/#organization\",\"name\":\"THOSSTEC GmbH\",\"url\":\"https:\\\/\\\/new.thosstec.ch\\\/\",\"logo\":{\"@type\":\"ImageObject\",\"inLanguage\":\"de-CH\",\"@id\":\"https:\\\/\\\/new.thosstec.ch\\\/#\\\/schema\\\/logo\\\/image\\\/\",\"url\":\"https:\\\/\\\/new.thosstec.ch\\\/wp-content\\\/uploads\\\/2020\\\/05\\\/20503_Thosstec_logo_V5_bearbeitet-2.jpg\",\"contentUrl\":\"https:\\\/\\\/new.thosstec.ch\\\/wp-content\\\/uploads\\\/2020\\\/05\\\/20503_Thosstec_logo_V5_bearbeitet-2.jpg\",\"width\":1260,\"height\":240,\"caption\":\"THOSSTEC GmbH\"},\"image\":{\"@id\":\"https:\\\/\\\/new.thosstec.ch\\\/#\\\/schema\\\/logo\\\/image\\\/\"}}]}<\/script>\n<!-- \/ Yoast SEO plugin. -->","yoast_head_json":{"title":"\u00dcBER UNS - THOSSTEC","robots":{"index":"index","follow":"follow","max-snippet":"max-snippet:-1","max-image-preview":"max-image-preview:large","max-video-preview":"max-video-preview:-1"},"canonical":"https:\/\/new.thosstec.ch\/","og_locale":"de_DE","og_type":"article","og_title":"\u00dcBER UNS - THOSSTEC","og_description":"Dank Ihnen sind wir seit 1994 erfolgreich unterwegs. Unsere unkonventionellen Ideen und Spezialit\u00e4ten mit &#171;SWISS MADE&#187; Pr\u00e4zision und Zuverl\u00e4ssigkeit bieten wir Ihnen seit mehr als 25 Jahren! Z\u00f6gern Sie nicht uns zu kontaktieren! Kontakt Gemeinsam finden wir konstruktive L\u00f6sungen! Zu unseren langj\u00e4hrig-\/treuen Kunden und Partner z\u00e4hlen:","og_url":"https:\/\/new.thosstec.ch\/","og_site_name":"THOSSTEC","article_modified_time":"2026-01-05T09:03:11+00:00","twitter_card":"summary_large_image","twitter_misc":{"Gesch\u00e4tzte Lesezeit":"1\u00a0Minute"},"schema":{"@context":"https:\/\/schema.org","@graph":[{"@type":"WebPage","@id":"https:\/\/new.thosstec.ch\/","url":"https:\/\/new.thosstec.ch\/","name":"\u00dcBER UNS - THOSSTEC","isPartOf":{"@id":"https:\/\/new.thosstec.ch\/#website"},"datePublished":"2018-12-20T14:13:39+00:00","dateModified":"2026-01-05T09:03:11+00:00","breadcrumb":{"@id":"https:\/\/new.thosstec.ch\/#breadcrumb"},"inLanguage":"de-CH","potentialAction":[{"@type":"ReadAction","target":["https:\/\/new.thosstec.ch\/"]}]},{"@type":"BreadcrumbList","@id":"https:\/\/new.thosstec.ch\/#breadcrumb","itemListElement":[{"@type":"ListItem","position":1,"name":"Startseite","item":"https:\/\/new.thosstec.ch\/"},{"@type":"ListItem","position":2,"name":"\u00dcBER UNS"}]},{"@type":"WebSite","@id":"https:\/\/new.thosstec.ch\/#website","url":"https:\/\/new.thosstec.ch\/","name":"THOSSTEC","description":"ATEX, Ex Zone 2\/22, Schaltschrank-\/Steuerungsbau Elektrisch und Pneumatisch, nicht Ex sowie f\u00fcr Ex Zone 2\/22, Servicearbeiten, Ihr zuverl\u00e4ssiger Partner in Reinach BL, Schweiz","publisher":{"@id":"https:\/\/new.thosstec.ch\/#organization"},"potentialAction":[{"@type":"SearchAction","target":{"@type":"EntryPoint","urlTemplate":"https:\/\/new.thosstec.ch\/?s={search_term_string}"},"query-input":{"@type":"PropertyValueSpecification","valueRequired":true,"valueName":"search_term_string"}}],"inLanguage":"de-CH"},{"@type":"Organization","@id":"https:\/\/new.thosstec.ch\/#organization","name":"THOSSTEC GmbH","url":"https:\/\/new.thosstec.ch\/","logo":{"@type":"ImageObject","inLanguage":"de-CH","@id":"https:\/\/new.thosstec.ch\/#\/schema\/logo\/image\/","url":"https:\/\/new.thosstec.ch\/wp-content\/uploads\/2020\/05\/20503_Thosstec_logo_V5_bearbeitet-2.jpg","contentUrl":"https:\/\/new.thosstec.ch\/wp-content\/uploads\/2020\/05\/20503_Thosstec_logo_V5_bearbeitet-2.jpg","width":1260,"height":240,"caption":"THOSSTEC GmbH"},"image":{"@id":"https:\/\/new.thosstec.ch\/#\/schema\/logo\/image\/"}}]}},"_links":{"self":[{"href":"https:\/\/new.thosstec.ch\/index.php\/wp-json\/wp\/v2\/pages\/63","targetHints":{"allow":["GET"]}}],"collection":[{"href":"https:\/\/new.thosstec.ch\/index.php\/wp-json\/wp\/v2\/pages"}],"about":[{"href":"https:\/\/new.thosstec.ch\/index.php\/wp-json\/wp\/v2\/types\/page"}],"author":[{"embeddable":true,"href":"https:\/\/new.thosstec.ch\/index.php\/wp-json\/wp\/v2\/users\/1"}],"replies":[{"embeddable":true,"href":"https:\/\/new.thosstec.ch\/index.php\/wp-json\/wp\/v2\/comments?post=63"}],"version-history":[{"count":83,"href":"https:\/\/new.thosstec.ch\/index.php\/wp-json\/wp\/v2\/pages\/63\/revisions"}],"predecessor-version":[{"id":7720,"href":"https:\/\/new.thosstec.ch\/index.php\/wp-json\/wp\/v2\/pages\/63\/revisions\/7720"}],"wp:attachment":[{"href":"https:\/\/new.thosstec.ch\/index.php\/wp-json\/wp\/v2\/media?parent=63"}],"curies":[{"name":"wp","href":"https:\/\/api.w.org\/{rel}","templated":true}]}}