{"id":61,"date":"2018-12-20T14:12:58","date_gmt":"2018-12-20T14:12:58","guid":{"rendered":"https:\/\/new.thosstec.ch\/?page_id=61"},"modified":"2025-07-16T11:54:27","modified_gmt":"2025-07-16T09:54:27","slug":"dienstleistungen","status":"publish","type":"page","link":"https:\/\/new.thosstec.ch\/index.php\/dienstleistungen\/","title":{"rendered":"DIENSTLEISTUNGEN"},"content":{"rendered":"\n<hr class=\"wp-block-separator has-css-opacity is-style-wide\"\/>\n\n\n\n<p>Ein pers\u00f6nliches Gespr\u00e4ch mit uns \u00fcber Ihre W\u00fcnsche,<br> Bed\u00fcrfnisse und Anforderungen lohnt sich immer. <br>Gemeinsam erstellen wir eine Analyse. <br><\/p>\n\n\n\n<hr class=\"wp-block-separator has-css-opacity\"\/>\n\n\n\n<ul class=\"wp-block-list\">\n<li><strong>Service, Unterhalt an bestehenden Anlagen<\/strong><br>Regelm\u00e4ssige und Zeitnahe Wartungen Ihrer Anlagen <br> sind eine lohnende Investition.<br> Weniger Produktionsausfall, Erf\u00fcllen von beh\u00f6rdlichen Auflagen, etc. <\/li>\n<\/ul>\n\n\n\n<hr class=\"wp-block-separator has-css-opacity\"\/>\n\n\n\n<ul class=\"wp-block-list\">\n<li><strong>\u00c4nderungsarbeiten<\/strong><br>Mit einem &#171;Tuning&#187; Ihrer Anlage bieten wir eine kosteng\u00fcnstige Erneuerung und langfristige Werterhaltung.<br><\/li>\n<\/ul>\n\n\n\n<hr class=\"wp-block-separator has-css-opacity is-style-default\"\/>\n\n\n\n<ul class=\"wp-block-list\">\n<li><strong>Produktion von elektrischen und pneumatischen Steuerungen<\/strong><br>f\u00fcr folgende Bed\u00fcrfnisse:\n<ul class=\"wp-block-list\">\n<li>Ex Zone 2\/22<\/li>\n\n\n\n<li>Standardumgebung &#8211; nicht Ex<br><\/li>\n<\/ul>\n<\/li>\n<\/ul>\n\n\n\n<hr class=\"wp-block-separator has-css-opacity\"\/>\n\n\n\n<ul class=\"wp-block-list\">\n<li><strong>Schalttafel-\/Steuerungsbau<\/strong> f\u00fcr:\n<ul class=\"wp-block-list\">\n<li>Chemie<\/li>\n\n\n\n<li>Pharma<\/li>\n\n\n\n<li>Maschinenbau<\/li>\n\n\n\n<li>Industrie<\/li>\n\n\n\n<li>Ingenieurb\u00fcro<\/li>\n<\/ul>\n<\/li>\n<\/ul>\n\n\n\n<hr class=\"wp-block-separator has-css-opacity\"\/>\n","protected":false},"excerpt":{"rendered":"<p>Ein pers\u00f6nliches Gespr\u00e4ch mit uns \u00fcber Ihre W\u00fcnsche, Bed\u00fcrfnisse und Anforderungen lohnt sich immer. Gemeinsam erstellen wir eine Analyse.<\/p>\n","protected":false},"author":1,"featured_media":0,"parent":0,"menu_order":2,"comment_status":"closed","ping_status":"closed","template":"","meta":{"footnotes":""},"class_list":["post-61","page","type-page","status-publish","hentry"],"yoast_head":"<!-- This site is optimized with the Yoast SEO plugin v27.6 - https:\/\/yoast.com\/product\/yoast-seo-wordpress\/ -->\n<title>DIENSTLEISTUNGEN - THOSSTEC<\/title>\n<meta name=\"robots\" content=\"index, follow, max-snippet:-1, max-image-preview:large, max-video-preview:-1\" \/>\n<link rel=\"canonical\" href=\"https:\/\/new.thosstec.ch\/index.php\/dienstleistungen\/\" \/>\n<meta property=\"og:locale\" content=\"de_DE\" \/>\n<meta property=\"og:type\" content=\"article\" \/>\n<meta property=\"og:title\" content=\"DIENSTLEISTUNGEN - THOSSTEC\" \/>\n<meta property=\"og:description\" content=\"Ein pers\u00f6nliches Gespr\u00e4ch mit uns \u00fcber Ihre W\u00fcnsche, Bed\u00fcrfnisse und Anforderungen lohnt sich immer. Gemeinsam erstellen wir eine Analyse.\" \/>\n<meta property=\"og:url\" content=\"https:\/\/new.thosstec.ch\/index.php\/dienstleistungen\/\" \/>\n<meta property=\"og:site_name\" content=\"THOSSTEC\" \/>\n<meta property=\"article:modified_time\" content=\"2025-07-16T09:54:27+00:00\" \/>\n<meta name=\"twitter:card\" content=\"summary_large_image\" \/>\n<meta name=\"twitter:label1\" content=\"Gesch\u00e4tzte Lesezeit\" \/>\n\t<meta name=\"twitter:data1\" content=\"1\u00a0Minute\" \/>\n<script type=\"application\/ld+json\" class=\"yoast-schema-graph\">{\"@context\":\"https:\\\/\\\/schema.org\",\"@graph\":[{\"@type\":\"WebPage\",\"@id\":\"https:\\\/\\\/new.thosstec.ch\\\/index.php\\\/dienstleistungen\\\/\",\"url\":\"https:\\\/\\\/new.thosstec.ch\\\/index.php\\\/dienstleistungen\\\/\",\"name\":\"DIENSTLEISTUNGEN - THOSSTEC\",\"isPartOf\":{\"@id\":\"https:\\\/\\\/new.thosstec.ch\\\/#website\"},\"datePublished\":\"2018-12-20T14:12:58+00:00\",\"dateModified\":\"2025-07-16T09:54:27+00:00\",\"breadcrumb\":{\"@id\":\"https:\\\/\\\/new.thosstec.ch\\\/index.php\\\/dienstleistungen\\\/#breadcrumb\"},\"inLanguage\":\"de-CH\",\"potentialAction\":[{\"@type\":\"ReadAction\",\"target\":[\"https:\\\/\\\/new.thosstec.ch\\\/index.php\\\/dienstleistungen\\\/\"]}]},{\"@type\":\"BreadcrumbList\",\"@id\":\"https:\\\/\\\/new.thosstec.ch\\\/index.php\\\/dienstleistungen\\\/#breadcrumb\",\"itemListElement\":[{\"@type\":\"ListItem\",\"position\":1,\"name\":\"Startseite\",\"item\":\"https:\\\/\\\/new.thosstec.ch\\\/\"},{\"@type\":\"ListItem\",\"position\":2,\"name\":\"DIENSTLEISTUNGEN\"}]},{\"@type\":\"WebSite\",\"@id\":\"https:\\\/\\\/new.thosstec.ch\\\/#website\",\"url\":\"https:\\\/\\\/new.thosstec.ch\\\/\",\"name\":\"THOSSTEC\",\"description\":\"ATEX, Ex Zone 2\\\/22, Schaltschrank-\\\/Steuerungsbau Elektrisch und Pneumatisch, nicht Ex sowie f\u00fcr Ex Zone 2\\\/22, Servicearbeiten, Ihr zuverl\u00e4ssiger Partner in Reinach BL, Schweiz\",\"publisher\":{\"@id\":\"https:\\\/\\\/new.thosstec.ch\\\/#organization\"},\"potentialAction\":[{\"@type\":\"SearchAction\",\"target\":{\"@type\":\"EntryPoint\",\"urlTemplate\":\"https:\\\/\\\/new.thosstec.ch\\\/?s={search_term_string}\"},\"query-input\":{\"@type\":\"PropertyValueSpecification\",\"valueRequired\":true,\"valueName\":\"search_term_string\"}}],\"inLanguage\":\"de-CH\"},{\"@type\":\"Organization\",\"@id\":\"https:\\\/\\\/new.thosstec.ch\\\/#organization\",\"name\":\"THOSSTEC GmbH\",\"url\":\"https:\\\/\\\/new.thosstec.ch\\\/\",\"logo\":{\"@type\":\"ImageObject\",\"inLanguage\":\"de-CH\",\"@id\":\"https:\\\/\\\/new.thosstec.ch\\\/#\\\/schema\\\/logo\\\/image\\\/\",\"url\":\"https:\\\/\\\/new.thosstec.ch\\\/wp-content\\\/uploads\\\/2020\\\/05\\\/20503_Thosstec_logo_V5_bearbeitet-2.jpg\",\"contentUrl\":\"https:\\\/\\\/new.thosstec.ch\\\/wp-content\\\/uploads\\\/2020\\\/05\\\/20503_Thosstec_logo_V5_bearbeitet-2.jpg\",\"width\":1260,\"height\":240,\"caption\":\"THOSSTEC GmbH\"},\"image\":{\"@id\":\"https:\\\/\\\/new.thosstec.ch\\\/#\\\/schema\\\/logo\\\/image\\\/\"}}]}<\/script>\n<!-- \/ Yoast SEO plugin. -->","yoast_head_json":{"title":"DIENSTLEISTUNGEN - THOSSTEC","robots":{"index":"index","follow":"follow","max-snippet":"max-snippet:-1","max-image-preview":"max-image-preview:large","max-video-preview":"max-video-preview:-1"},"canonical":"https:\/\/new.thosstec.ch\/index.php\/dienstleistungen\/","og_locale":"de_DE","og_type":"article","og_title":"DIENSTLEISTUNGEN - THOSSTEC","og_description":"Ein pers\u00f6nliches Gespr\u00e4ch mit uns \u00fcber Ihre W\u00fcnsche, Bed\u00fcrfnisse und Anforderungen lohnt sich immer. Gemeinsam erstellen wir eine Analyse.","og_url":"https:\/\/new.thosstec.ch\/index.php\/dienstleistungen\/","og_site_name":"THOSSTEC","article_modified_time":"2025-07-16T09:54:27+00:00","twitter_card":"summary_large_image","twitter_misc":{"Gesch\u00e4tzte Lesezeit":"1\u00a0Minute"},"schema":{"@context":"https:\/\/schema.org","@graph":[{"@type":"WebPage","@id":"https:\/\/new.thosstec.ch\/index.php\/dienstleistungen\/","url":"https:\/\/new.thosstec.ch\/index.php\/dienstleistungen\/","name":"DIENSTLEISTUNGEN - THOSSTEC","isPartOf":{"@id":"https:\/\/new.thosstec.ch\/#website"},"datePublished":"2018-12-20T14:12:58+00:00","dateModified":"2025-07-16T09:54:27+00:00","breadcrumb":{"@id":"https:\/\/new.thosstec.ch\/index.php\/dienstleistungen\/#breadcrumb"},"inLanguage":"de-CH","potentialAction":[{"@type":"ReadAction","target":["https:\/\/new.thosstec.ch\/index.php\/dienstleistungen\/"]}]},{"@type":"BreadcrumbList","@id":"https:\/\/new.thosstec.ch\/index.php\/dienstleistungen\/#breadcrumb","itemListElement":[{"@type":"ListItem","position":1,"name":"Startseite","item":"https:\/\/new.thosstec.ch\/"},{"@type":"ListItem","position":2,"name":"DIENSTLEISTUNGEN"}]},{"@type":"WebSite","@id":"https:\/\/new.thosstec.ch\/#website","url":"https:\/\/new.thosstec.ch\/","name":"THOSSTEC","description":"ATEX, Ex Zone 2\/22, Schaltschrank-\/Steuerungsbau Elektrisch und Pneumatisch, nicht Ex sowie f\u00fcr Ex Zone 2\/22, Servicearbeiten, Ihr zuverl\u00e4ssiger Partner in Reinach BL, Schweiz","publisher":{"@id":"https:\/\/new.thosstec.ch\/#organization"},"potentialAction":[{"@type":"SearchAction","target":{"@type":"EntryPoint","urlTemplate":"https:\/\/new.thosstec.ch\/?s={search_term_string}"},"query-input":{"@type":"PropertyValueSpecification","valueRequired":true,"valueName":"search_term_string"}}],"inLanguage":"de-CH"},{"@type":"Organization","@id":"https:\/\/new.thosstec.ch\/#organization","name":"THOSSTEC GmbH","url":"https:\/\/new.thosstec.ch\/","logo":{"@type":"ImageObject","inLanguage":"de-CH","@id":"https:\/\/new.thosstec.ch\/#\/schema\/logo\/image\/","url":"https:\/\/new.thosstec.ch\/wp-content\/uploads\/2020\/05\/20503_Thosstec_logo_V5_bearbeitet-2.jpg","contentUrl":"https:\/\/new.thosstec.ch\/wp-content\/uploads\/2020\/05\/20503_Thosstec_logo_V5_bearbeitet-2.jpg","width":1260,"height":240,"caption":"THOSSTEC GmbH"},"image":{"@id":"https:\/\/new.thosstec.ch\/#\/schema\/logo\/image\/"}}]}},"_links":{"self":[{"href":"https:\/\/new.thosstec.ch\/index.php\/wp-json\/wp\/v2\/pages\/61","targetHints":{"allow":["GET"]}}],"collection":[{"href":"https:\/\/new.thosstec.ch\/index.php\/wp-json\/wp\/v2\/pages"}],"about":[{"href":"https:\/\/new.thosstec.ch\/index.php\/wp-json\/wp\/v2\/types\/page"}],"author":[{"embeddable":true,"href":"https:\/\/new.thosstec.ch\/index.php\/wp-json\/wp\/v2\/users\/1"}],"replies":[{"embeddable":true,"href":"https:\/\/new.thosstec.ch\/index.php\/wp-json\/wp\/v2\/comments?post=61"}],"version-history":[{"count":56,"href":"https:\/\/new.thosstec.ch\/index.php\/wp-json\/wp\/v2\/pages\/61\/revisions"}],"predecessor-version":[{"id":7678,"href":"https:\/\/new.thosstec.ch\/index.php\/wp-json\/wp\/v2\/pages\/61\/revisions\/7678"}],"wp:attachment":[{"href":"https:\/\/new.thosstec.ch\/index.php\/wp-json\/wp\/v2\/media?parent=61"}],"curies":[{"name":"wp","href":"https:\/\/api.w.org\/{rel}","templated":true}]}}