{"id":354,"date":"2020-05-04T12:21:24","date_gmt":"2020-05-04T12:21:24","guid":{"rendered":"https:\/\/new.thosstec.ch\/?page_id=354"},"modified":"2025-07-16T11:52:35","modified_gmt":"2025-07-16T09:52:35","slug":"geschichte","status":"publish","type":"page","link":"https:\/\/new.thosstec.ch\/index.php\/geschichte\/","title":{"rendered":"GESCHICHTE"},"content":{"rendered":"\n<hr class=\"wp-block-separator is-style-wide\"\/>\n\n\n\n<p>Die Gr\u00fcndung erfolgte im Jahr 1994 durch Hans-Peter Thommen und Peter Ossiacher in Reinach. Etwas sp\u00e4ter stiess Ren\u00e9 Sahm hinzu.   <br><br>Alle 3 Personen hatten  seinerzeit schon langj\u00e4hrige Erfahrung im Steuerungsbau sowie auf dem Gebiet der ATEX Zone 2.  <br><br>Im Jahr 2011 \u00fcbernahm Ren\u00e9 Sahm die Firma als Gesch\u00e4ftsf\u00fchrer. <br><br>Eigenentwicklungen: <br> &#8211; Sicherheitsventil Typ: NDEV-2 (Niederdruck Entlastungsventil)<\/p>\n\n\n\n<div class=\"wp-block-image\"><figure class=\"aligncenter size-large is-resized\"><img loading=\"lazy\" decoding=\"async\" src=\"https:\/\/new.thosstec.ch\/wp-content\/uploads\/2021\/10\/20210317_093929-794x1024.jpg\" alt=\"\" class=\"wp-image-803\" width=\"178\" height=\"229\" srcset=\"https:\/\/new.thosstec.ch\/wp-content\/uploads\/2021\/10\/20210317_093929-794x1024.jpg 794w, https:\/\/new.thosstec.ch\/wp-content\/uploads\/2021\/10\/20210317_093929-233x300.jpg 233w, https:\/\/new.thosstec.ch\/wp-content\/uploads\/2021\/10\/20210317_093929-768x991.jpg 768w, https:\/\/new.thosstec.ch\/wp-content\/uploads\/2021\/10\/20210317_093929-1190x1536.jpg 1190w, https:\/\/new.thosstec.ch\/wp-content\/uploads\/2021\/10\/20210317_093929-1587x2048.jpg 1587w, https:\/\/new.thosstec.ch\/wp-content\/uploads\/2021\/10\/20210317_093929.jpg 1836w\" sizes=\"auto, (max-width: 178px) 100vw, 178px\" \/><\/figure><\/div>\n\n\n\n<p><\/p>\n\n\n\n<p><br>  &#8211; Fremdbel\u00fcftungssystem, Pneumatisch-\/Mechanisches System <\/p>\n","protected":false},"excerpt":{"rendered":"<p>Die Gr\u00fcndung erfolgte im Jahr 1994 durch Hans-Peter Thommen und Peter Ossiacher in Reinach. Etwas sp\u00e4ter stiess Ren\u00e9 Sahm hinzu. Alle 3 Personen hatten seinerzeit schon langj\u00e4hrige Erfahrung im Steuerungsbau sowie auf dem Gebiet der ATEX Zone 2. Im Jahr 2011 \u00fcbernahm Ren\u00e9 Sahm die Firma als Gesch\u00e4ftsf\u00fchrer. Eigenentwicklungen: &#8211; Sicherheitsventil Typ: NDEV-2 (Niederdruck Entlastungsventil) &hellip; <a href=\"https:\/\/new.thosstec.ch\/index.php\/geschichte\/\" class=\"more-link\"><span class=\"screen-reader-text\">GESCHICHTE<\/span> weiterlesen <span class=\"meta-nav\">&rarr;<\/span><\/a><\/p>\n","protected":false},"author":3,"featured_media":0,"parent":0,"menu_order":0,"comment_status":"closed","ping_status":"closed","template":"","meta":{"footnotes":""},"class_list":["post-354","page","type-page","status-publish","hentry"],"yoast_head":"<!-- This site is optimized with the Yoast SEO plugin v27.6 - https:\/\/yoast.com\/product\/yoast-seo-wordpress\/ -->\n<title>GESCHICHTE - THOSSTEC<\/title>\n<meta name=\"robots\" content=\"index, follow, max-snippet:-1, max-image-preview:large, max-video-preview:-1\" \/>\n<link rel=\"canonical\" href=\"https:\/\/new.thosstec.ch\/index.php\/geschichte\/\" \/>\n<meta property=\"og:locale\" content=\"de_DE\" \/>\n<meta property=\"og:type\" content=\"article\" \/>\n<meta property=\"og:title\" content=\"GESCHICHTE - THOSSTEC\" \/>\n<meta property=\"og:description\" content=\"Die Gr\u00fcndung erfolgte im Jahr 1994 durch Hans-Peter Thommen und Peter Ossiacher in Reinach. Etwas sp\u00e4ter stiess Ren\u00e9 Sahm hinzu. Alle 3 Personen hatten seinerzeit schon langj\u00e4hrige Erfahrung im Steuerungsbau sowie auf dem Gebiet der ATEX Zone 2. Im Jahr 2011 \u00fcbernahm Ren\u00e9 Sahm die Firma als Gesch\u00e4ftsf\u00fchrer. Eigenentwicklungen: &#8211; Sicherheitsventil Typ: NDEV-2 (Niederdruck Entlastungsventil) &hellip; GESCHICHTE weiterlesen &rarr;\" \/>\n<meta property=\"og:url\" content=\"https:\/\/new.thosstec.ch\/index.php\/geschichte\/\" \/>\n<meta property=\"og:site_name\" content=\"THOSSTEC\" \/>\n<meta property=\"article:modified_time\" content=\"2025-07-16T09:52:35+00:00\" \/>\n<meta property=\"og:image\" content=\"https:\/\/new.thosstec.ch\/wp-content\/uploads\/2021\/10\/20210317_093929.jpg\" \/>\n\t<meta property=\"og:image:width\" content=\"1836\" \/>\n\t<meta property=\"og:image:height\" content=\"2369\" \/>\n\t<meta property=\"og:image:type\" content=\"image\/jpeg\" \/>\n<meta name=\"twitter:card\" content=\"summary_large_image\" \/>\n<meta name=\"twitter:label1\" content=\"Gesch\u00e4tzte Lesezeit\" \/>\n\t<meta name=\"twitter:data1\" content=\"1\u00a0Minute\" \/>\n<script type=\"application\/ld+json\" class=\"yoast-schema-graph\">{\"@context\":\"https:\\\/\\\/schema.org\",\"@graph\":[{\"@type\":\"WebPage\",\"@id\":\"https:\\\/\\\/new.thosstec.ch\\\/index.php\\\/geschichte\\\/\",\"url\":\"https:\\\/\\\/new.thosstec.ch\\\/index.php\\\/geschichte\\\/\",\"name\":\"GESCHICHTE - THOSSTEC\",\"isPartOf\":{\"@id\":\"https:\\\/\\\/new.thosstec.ch\\\/#website\"},\"primaryImageOfPage\":{\"@id\":\"https:\\\/\\\/new.thosstec.ch\\\/index.php\\\/geschichte\\\/#primaryimage\"},\"image\":{\"@id\":\"https:\\\/\\\/new.thosstec.ch\\\/index.php\\\/geschichte\\\/#primaryimage\"},\"thumbnailUrl\":\"https:\\\/\\\/new.thosstec.ch\\\/wp-content\\\/uploads\\\/2021\\\/10\\\/20210317_093929-794x1024.jpg\",\"datePublished\":\"2020-05-04T12:21:24+00:00\",\"dateModified\":\"2025-07-16T09:52:35+00:00\",\"breadcrumb\":{\"@id\":\"https:\\\/\\\/new.thosstec.ch\\\/index.php\\\/geschichte\\\/#breadcrumb\"},\"inLanguage\":\"de-CH\",\"potentialAction\":[{\"@type\":\"ReadAction\",\"target\":[\"https:\\\/\\\/new.thosstec.ch\\\/index.php\\\/geschichte\\\/\"]}]},{\"@type\":\"ImageObject\",\"inLanguage\":\"de-CH\",\"@id\":\"https:\\\/\\\/new.thosstec.ch\\\/index.php\\\/geschichte\\\/#primaryimage\",\"url\":\"https:\\\/\\\/new.thosstec.ch\\\/wp-content\\\/uploads\\\/2021\\\/10\\\/20210317_093929.jpg\",\"contentUrl\":\"https:\\\/\\\/new.thosstec.ch\\\/wp-content\\\/uploads\\\/2021\\\/10\\\/20210317_093929.jpg\",\"width\":1836,\"height\":2369},{\"@type\":\"BreadcrumbList\",\"@id\":\"https:\\\/\\\/new.thosstec.ch\\\/index.php\\\/geschichte\\\/#breadcrumb\",\"itemListElement\":[{\"@type\":\"ListItem\",\"position\":1,\"name\":\"Startseite\",\"item\":\"https:\\\/\\\/new.thosstec.ch\\\/\"},{\"@type\":\"ListItem\",\"position\":2,\"name\":\"GESCHICHTE\"}]},{\"@type\":\"WebSite\",\"@id\":\"https:\\\/\\\/new.thosstec.ch\\\/#website\",\"url\":\"https:\\\/\\\/new.thosstec.ch\\\/\",\"name\":\"THOSSTEC\",\"description\":\"ATEX, Ex Zone 2\\\/22, Schaltschrank-\\\/Steuerungsbau Elektrisch und Pneumatisch, nicht Ex sowie f\u00fcr Ex Zone 2\\\/22, Servicearbeiten, Ihr zuverl\u00e4ssiger Partner in Reinach BL, Schweiz\",\"publisher\":{\"@id\":\"https:\\\/\\\/new.thosstec.ch\\\/#organization\"},\"potentialAction\":[{\"@type\":\"SearchAction\",\"target\":{\"@type\":\"EntryPoint\",\"urlTemplate\":\"https:\\\/\\\/new.thosstec.ch\\\/?s={search_term_string}\"},\"query-input\":{\"@type\":\"PropertyValueSpecification\",\"valueRequired\":true,\"valueName\":\"search_term_string\"}}],\"inLanguage\":\"de-CH\"},{\"@type\":\"Organization\",\"@id\":\"https:\\\/\\\/new.thosstec.ch\\\/#organization\",\"name\":\"THOSSTEC GmbH\",\"url\":\"https:\\\/\\\/new.thosstec.ch\\\/\",\"logo\":{\"@type\":\"ImageObject\",\"inLanguage\":\"de-CH\",\"@id\":\"https:\\\/\\\/new.thosstec.ch\\\/#\\\/schema\\\/logo\\\/image\\\/\",\"url\":\"https:\\\/\\\/new.thosstec.ch\\\/wp-content\\\/uploads\\\/2020\\\/05\\\/20503_Thosstec_logo_V5_bearbeitet-2.jpg\",\"contentUrl\":\"https:\\\/\\\/new.thosstec.ch\\\/wp-content\\\/uploads\\\/2020\\\/05\\\/20503_Thosstec_logo_V5_bearbeitet-2.jpg\",\"width\":1260,\"height\":240,\"caption\":\"THOSSTEC GmbH\"},\"image\":{\"@id\":\"https:\\\/\\\/new.thosstec.ch\\\/#\\\/schema\\\/logo\\\/image\\\/\"}}]}<\/script>\n<!-- \/ Yoast SEO plugin. -->","yoast_head_json":{"title":"GESCHICHTE - THOSSTEC","robots":{"index":"index","follow":"follow","max-snippet":"max-snippet:-1","max-image-preview":"max-image-preview:large","max-video-preview":"max-video-preview:-1"},"canonical":"https:\/\/new.thosstec.ch\/index.php\/geschichte\/","og_locale":"de_DE","og_type":"article","og_title":"GESCHICHTE - THOSSTEC","og_description":"Die Gr\u00fcndung erfolgte im Jahr 1994 durch Hans-Peter Thommen und Peter Ossiacher in Reinach. Etwas sp\u00e4ter stiess Ren\u00e9 Sahm hinzu. Alle 3 Personen hatten seinerzeit schon langj\u00e4hrige Erfahrung im Steuerungsbau sowie auf dem Gebiet der ATEX Zone 2. Im Jahr 2011 \u00fcbernahm Ren\u00e9 Sahm die Firma als Gesch\u00e4ftsf\u00fchrer. Eigenentwicklungen: &#8211; Sicherheitsventil Typ: NDEV-2 (Niederdruck Entlastungsventil) &hellip; GESCHICHTE weiterlesen &rarr;","og_url":"https:\/\/new.thosstec.ch\/index.php\/geschichte\/","og_site_name":"THOSSTEC","article_modified_time":"2025-07-16T09:52:35+00:00","og_image":[{"width":1836,"height":2369,"url":"https:\/\/new.thosstec.ch\/wp-content\/uploads\/2021\/10\/20210317_093929.jpg","type":"image\/jpeg"}],"twitter_card":"summary_large_image","twitter_misc":{"Gesch\u00e4tzte Lesezeit":"1\u00a0Minute"},"schema":{"@context":"https:\/\/schema.org","@graph":[{"@type":"WebPage","@id":"https:\/\/new.thosstec.ch\/index.php\/geschichte\/","url":"https:\/\/new.thosstec.ch\/index.php\/geschichte\/","name":"GESCHICHTE - THOSSTEC","isPartOf":{"@id":"https:\/\/new.thosstec.ch\/#website"},"primaryImageOfPage":{"@id":"https:\/\/new.thosstec.ch\/index.php\/geschichte\/#primaryimage"},"image":{"@id":"https:\/\/new.thosstec.ch\/index.php\/geschichte\/#primaryimage"},"thumbnailUrl":"https:\/\/new.thosstec.ch\/wp-content\/uploads\/2021\/10\/20210317_093929-794x1024.jpg","datePublished":"2020-05-04T12:21:24+00:00","dateModified":"2025-07-16T09:52:35+00:00","breadcrumb":{"@id":"https:\/\/new.thosstec.ch\/index.php\/geschichte\/#breadcrumb"},"inLanguage":"de-CH","potentialAction":[{"@type":"ReadAction","target":["https:\/\/new.thosstec.ch\/index.php\/geschichte\/"]}]},{"@type":"ImageObject","inLanguage":"de-CH","@id":"https:\/\/new.thosstec.ch\/index.php\/geschichte\/#primaryimage","url":"https:\/\/new.thosstec.ch\/wp-content\/uploads\/2021\/10\/20210317_093929.jpg","contentUrl":"https:\/\/new.thosstec.ch\/wp-content\/uploads\/2021\/10\/20210317_093929.jpg","width":1836,"height":2369},{"@type":"BreadcrumbList","@id":"https:\/\/new.thosstec.ch\/index.php\/geschichte\/#breadcrumb","itemListElement":[{"@type":"ListItem","position":1,"name":"Startseite","item":"https:\/\/new.thosstec.ch\/"},{"@type":"ListItem","position":2,"name":"GESCHICHTE"}]},{"@type":"WebSite","@id":"https:\/\/new.thosstec.ch\/#website","url":"https:\/\/new.thosstec.ch\/","name":"THOSSTEC","description":"ATEX, Ex Zone 2\/22, Schaltschrank-\/Steuerungsbau Elektrisch und Pneumatisch, nicht Ex sowie f\u00fcr Ex Zone 2\/22, Servicearbeiten, Ihr zuverl\u00e4ssiger Partner in Reinach BL, Schweiz","publisher":{"@id":"https:\/\/new.thosstec.ch\/#organization"},"potentialAction":[{"@type":"SearchAction","target":{"@type":"EntryPoint","urlTemplate":"https:\/\/new.thosstec.ch\/?s={search_term_string}"},"query-input":{"@type":"PropertyValueSpecification","valueRequired":true,"valueName":"search_term_string"}}],"inLanguage":"de-CH"},{"@type":"Organization","@id":"https:\/\/new.thosstec.ch\/#organization","name":"THOSSTEC GmbH","url":"https:\/\/new.thosstec.ch\/","logo":{"@type":"ImageObject","inLanguage":"de-CH","@id":"https:\/\/new.thosstec.ch\/#\/schema\/logo\/image\/","url":"https:\/\/new.thosstec.ch\/wp-content\/uploads\/2020\/05\/20503_Thosstec_logo_V5_bearbeitet-2.jpg","contentUrl":"https:\/\/new.thosstec.ch\/wp-content\/uploads\/2020\/05\/20503_Thosstec_logo_V5_bearbeitet-2.jpg","width":1260,"height":240,"caption":"THOSSTEC GmbH"},"image":{"@id":"https:\/\/new.thosstec.ch\/#\/schema\/logo\/image\/"}}]}},"_links":{"self":[{"href":"https:\/\/new.thosstec.ch\/index.php\/wp-json\/wp\/v2\/pages\/354","targetHints":{"allow":["GET"]}}],"collection":[{"href":"https:\/\/new.thosstec.ch\/index.php\/wp-json\/wp\/v2\/pages"}],"about":[{"href":"https:\/\/new.thosstec.ch\/index.php\/wp-json\/wp\/v2\/types\/page"}],"author":[{"embeddable":true,"href":"https:\/\/new.thosstec.ch\/index.php\/wp-json\/wp\/v2\/users\/3"}],"replies":[{"embeddable":true,"href":"https:\/\/new.thosstec.ch\/index.php\/wp-json\/wp\/v2\/comments?post=354"}],"version-history":[{"count":47,"href":"https:\/\/new.thosstec.ch\/index.php\/wp-json\/wp\/v2\/pages\/354\/revisions"}],"predecessor-version":[{"id":5330,"href":"https:\/\/new.thosstec.ch\/index.php\/wp-json\/wp\/v2\/pages\/354\/revisions\/5330"}],"wp:attachment":[{"href":"https:\/\/new.thosstec.ch\/index.php\/wp-json\/wp\/v2\/media?parent=354"}],"curies":[{"name":"wp","href":"https:\/\/api.w.org\/{rel}","templated":true}]}}